{"id":12,"date":"2016-01-05T13:58:56","date_gmt":"2016-01-05T13:58:56","guid":{"rendered":"https:\/\/kess2.ac.uk\/?page_id=12"},"modified":"2017-04-01T16:43:02","modified_gmt":"2017-04-01T15:43:02","slug":"academics","status":"publish","type":"page","link":"https:\/\/kess2.ac.uk\/cy\/academics\/","title":{"rendered":"Academyddion"},"content":{"rendered":"<p><\/p>\n<h1><span style=\"color: #ed6b06;\"><strong>KESS 2 <\/strong>i Academyddion<\/span><\/h1>\n<h2><span style=\"color: #ed6b06;\">Beth yw KESS 2?<\/span><\/h2>\n<p>Mae <strong>Ysgoloriaethau Sgiliau Economi Gwybodaeth (KESS 2)<\/strong> yn weithrediad pwysig drwy Gymru sy\u2019n cael ei gefnogi gan <strong>Gronfeydd Cymdeithasol Ewrop (ESF)<\/strong> drwy Lywodraeth Cymru. Mae pob prifysgol yng Nghymru yn cymryd rhan ac mae\u2019n cael ei arwain gan Brifysgol Bangor. Mae KESS 2 yn cysylltu cwmn\u00efau \u00e2 sefydliadau gydag arbenigedd academaidd yn y Sector Addysg Uwch i ymgymryd \u00e2 phrosiectau ymchwil cydweithredol.<\/p>\n<h3><span style=\"color: #ed6b06;\"><strong>Mae pob ymchwil yn bwysig, ond heddiw fwy nag erioed, mae\u2019n hanfodol fod busnesau a phrifysgolion yn gweithio gyda\u2019i gilydd fel bod academyddion ifanc\u00a0 yn gallu ymgymryd \u00e2 gwaith sy\u2019n gwneud gwahaniaeth yn y byd go iawn.<\/strong><\/span><\/h3>\n<p>Mae prosiectau KESS 2 yn rhai unigryw sydd wedi cael eu teilwra i ddarparu ymchwil cyffrous ac arloesol tra\u2019n cwrdd ag anghenion busnes gweithredol neu anghenion ei sector.\u00a0 Mae\u2019n rhaid i ymchwil sy\u2019n cael ei wneud drwy brosiect KESS 2 gydweddu ag un o bedwar Maes Her Fawr Llywodraeth Cymru sef:<\/p>\n<ul>\n<li><strong>Gwyddorau Bywyd ac Iechyd<\/strong><\/li>\n<li><strong>Uwch Beirianneg a Deunyddiau<\/strong><\/li>\n<li><strong>Carbon Isel, Ynni ac Amgylchedd<\/strong><\/li>\n<li><strong>TGCh a\u2019r Economi Ddigidol<\/strong><\/li>\n<\/ul>\n<p><a href=\"https:\/\/kess2.ac.uk\/cy\/about\/\"><strong><u>Ffeithiau ac Ystadegau yngl\u0177n \u00e2 KESS 2: <\/u><\/strong><u>Cliciwch yma er mwyn cael darllen mwy<\/u><\/a><\/p>\n<hr \/>\n<h2><span style=\"color: #ed6b06;\">Cwestiynau a ofynnir yn aml<\/span><\/h2>\n<div id=\"accordion-2\" class=\"accordion no-js\" role=\"tablist\" aria-multiselectable=\"true\"><\/p>\n<p><h3 id=\"accordion-2-t1\" class=\"accordion-title\" role=\"tab\" aria-controls=\"accordion-2-c1\" aria-selected=\"false\" aria-expanded=\"false\" tabindex=\"0\" >Pwy all gymryd rhan yn KESS 2?<\/h3><div id=\"accordion-2-c1\" class=\"accordion-content\" role=\"tabpanel\" aria-labelledby=\"accordion-2-t1\" aria-hidden=\"true\"><\/p>\n<a href=\"https:\/\/kess2.ac.uk\/wp-content\/uploads\/ConvergenceMap.pdf\" target=\"_blank\"><img loading=\"lazy\" decoding=\"async\" class=\"alignright wp-image-1442 size-medium\" src=\"https:\/\/kess2.ac.uk\/wp-content\/uploads\/C-Map_blank-240x300.png\" alt=\"Convergence Area Map\" width=\"240\" height=\"300\" srcset=\"https:\/\/kess2.ac.uk\/wp-content\/uploads\/C-Map_blank-240x300.png 240w, https:\/\/kess2.ac.uk\/wp-content\/uploads\/C-Map_blank.png 517w\" sizes=\"auto, (max-width: 240px) 100vw, 240px\" \/><\/a>\n<p>Mae KESS 2\u00a0yn cynnwys yr holl brifysgolion yng Nghymru\u00a0ac mae&#8217;n addas ar gyfer academyddion sydd am hyrwyddo prosiectau ymchwil lefel uwch ar y cyd o fewn sectorau busnes gweithredol.<\/p>\n<p>Gall amrediad o gwmn\u00efau a sefydliadau gyfrannu yn KESS 2, yn cynnwys cwmn\u00efau Micro, BBaCHau, Cwmn\u00efau Mawr, y Trydydd Sector a Mentrau Cymdeithasol os oes ganddynt bresenoldeb gweithredol yn Ardal Gydgyfeirio Cymru.<\/p>\n<p>Rhaid i fyfyrwyr penodedig KESS 2 hefyd yn fod yn byw yn yr Ardal Gydgyfeirio ar gofrestru a chael yr hawl i weithio yn y rhanbarth ar gymhwyster.<\/p>\n<p>Mae\u2019r Ardal Gydgyfeirio yn cynnwys Gorllewin Cymru a\u2019r Cymoedd, ac mae\u2019n cynnwys y 15 awdurdod lleol canlynol:<\/p>\n<p><em>Ynys M\u00f4n; Gwynedd; Conwy; Sir Ddinbych; Ceredigion; Sir Benfro; Sir Gaerfyrddin; Abertawe; Castell-nedd Port Talbot; Pen-y-bont ar Ogwr, Rhondda Cynon Taf; Merthyr Tudful; Caerffili, Blaenau Gwent; Torfaen.<\/em><\/p>\n<p><a href=\"https:\/\/kess2.ac.uk\/wp-content\/uploads\/ConvergenceMap-cy.pdf\" target=\"_blank\"><u>Cliciwch yma i weld Map yr Ardal Gydgyfeirio<\/u><u> <\/u><em><u>(mae\u2019n agor mewn tab newydd) <\/u><\/em><\/a><\/p>\n<p><\/div><h3 id=\"accordion-2-t2\" class=\"accordion-title\" role=\"tab\" aria-controls=\"accordion-2-c2\" aria-selected=\"false\" aria-expanded=\"false\" tabindex=\"0\" >Beth yw manteision cymryd rhan mewn prosiectau ymchwil KESS 2?<\/h3><div id=\"accordion-2-c2\" class=\"accordion-content\" role=\"tabpanel\" aria-labelledby=\"accordion-2-t2\" aria-hidden=\"true\"><\/p>\n<p>Mae KESS 2 yn gyfle gwerthfawr i gael myfyriwr Ymchwil Meistr neu PhD yn gweithio ar ardal benodol i fusnes gweithredol. Mae hefyd yn gyfle i sefydlu a chynnal cysylltiadau gwerthfawr rhwng prifysgolion a busnesau lleol, gan bontio&#8217;r bwlch rhwng yr amgylchedd academaidd ac anghenion diwydiannol y byd go iawn.<\/p>\n<p><\/div><h3 id=\"accordion-2-t3\" class=\"accordion-title\" role=\"tab\" aria-controls=\"accordion-2-c3\" aria-selected=\"false\" aria-expanded=\"false\" tabindex=\"0\" >A yw\u2019r cwmni ynghlwm \u00e2 diffinio\u2019r prosiectau ymchwil?<\/h3><div id=\"accordion-2-c3\" class=\"accordion-content\" role=\"tabpanel\" aria-labelledby=\"accordion-2-t3\" aria-hidden=\"true\"><\/p>\n<p>Wrth gwrs. Mae prosiectau yn cael eu diffinio mewn partneriaeth rhwng y cwmni\u00a0\u00e2&#8217;r arolygwr academaidd. Yn ogystal, mae\u2019r cwmni yn cael rhoi eu barn yngl\u0177n \u00e2 dewis myfyriwr ymchwil ar gyfer y prosiect. Mae\u2019n rhaid i ymchwil sy\u2019n cael ei wneud drwy brosiect KESS 2 gydweddu ag un o bedwar <strong>Maes Her Fawr Llywodraeth Cymru<\/strong> sef:<\/p>\n<ul>\n<li><strong>Gwyddorau Bywyd ac Iechyd <\/strong><\/li>\n<li><strong>Uwch Beirianneg a Deunyddiau <\/strong><\/li>\n<li><strong>Carbon Isel, Ynni ac Amgylchedd<\/strong><\/li>\n<li><strong>TGCh a\u2019r Economi Ddigidol <\/strong><\/li>\n<\/ul>\n<p>Bydd y Panel Cymeradwyo yn ystyried prosiectau eraill os gallan nhw ddangos eu bod yn cydweddu \u00e2\u2019r cynllun gofodol, bod ganddyn nhw dechnolegau trawsbynciol, bod galw gan gyflogwyr lleol neu fod ganddyn nhw botensial i gael effaith sylweddol.<\/p>\n<p><\/div><h3 id=\"accordion-2-t4\" class=\"accordion-title\" role=\"tab\" aria-controls=\"accordion-2-c4\" aria-selected=\"false\" aria-expanded=\"false\" tabindex=\"0\" >Beth a ddisgwylir gan arolygwyr academaidd KESS 2?<\/h3><div id=\"accordion-2-c4\" class=\"accordion-content\" role=\"tabpanel\" aria-labelledby=\"accordion-2-t4\" aria-hidden=\"true\"><\/p>\n<ul>\n<li>Eich bod yn gallu goruchwylio&#8217;r cyfranogwyr (yn cynnwys cyfarfodydd wythnosol)<\/li>\n<li>Eich bod yn mynychu cyfarfodydd chwarterol gyda&#8217;r partner cwmni a&#8217;r myfyriwr<\/li>\n<li>Eich bod yn rheoli&#8217;r cyfrifoldeb gyllideb ar gyfer y prosiect<\/li>\n<li>Eich bod yn cyfrannu at y gwaith o lunio adroddiadau cynnydd chwarterol<\/li>\n<li>Eich bod yn cwblhau taflenni amser misol i gofnodi cyfraniad amser i mewn i&#8217;r prosiect<\/li>\n<\/ul>\n<p><\/div><h3 id=\"accordion-2-t5\" class=\"accordion-title\" role=\"tab\" aria-controls=\"accordion-2-c5\" aria-selected=\"false\" aria-expanded=\"false\" tabindex=\"0\" >A yw\u2019r myfyriwr ymchwil yn treulio amser yn y cwmni?<\/h3><div id=\"accordion-2-c5\" class=\"accordion-content\" role=\"tabpanel\" aria-labelledby=\"accordion-2-t5\" aria-hidden=\"true\"><\/p>\n<p>Ydi, mae hyn yn elfen bwysig o fodel KESS 2.\u00a0 Bydd y myfyriwr ymchwil yn treulio lleiafswm o <strong>30 diwrnod<\/strong> y flwyddyn yn y cwmni, yn amodol ar gytundeb rhwng y cwmni a\u2019r arolygwyr academaidd.\u00a0 Gall hyn fod yn hyblyg, yn dibynnu ar y prosiect.<\/p>\n<p><\/div><h3 id=\"accordion-2-t6\" class=\"accordion-title\" role=\"tab\" aria-controls=\"accordion-2-c6\" aria-selected=\"false\" aria-expanded=\"false\" tabindex=\"0\" >Pwy sy\u2019n berchen ar unrhyw HED a ddaw o ganlyniad i\u2019r prosiect?<\/h3><div id=\"accordion-2-c6\" class=\"accordion-content\" role=\"tabpanel\" aria-labelledby=\"accordion-2-t6\" aria-hidden=\"true\"><\/p>\n<p>Er mwyn dangos eich bod cydymffurfio \u00e2 rheolau Cymorth Gwladwriaethol, bydd unrhyw Eiddo Deallusol a ddaw yn sg\u00eel prosiect KESS 2 yn eiddo i\u2019r brifysgol berthnasol. Bydd ED cefndirol a gafodd ei ddefnyddio mewn cysylltiad \u00e2 phrosiect KESS 2 yn eiddo i\u2019r parti sy\u2019n ei gyflwyno a bydd yn amodol ar ymrwymiadau cyfrinachedd.\u00a0 Bydd y brifysgol berthnasol yn gadael i\u2019r cwmni partner gael y dewis cyntaf ar un ai trwydded gyfyngol neu anghyfyngol i ddefnyddio\u2019r Eiddo Deallusol neu unrhyw HED arall sy\u2019n cael ei gynhyrchu drwy\u2019r prosiect, fel sy\u2019n cael ei drafod rhwng y part\u00efon sydd ynghlwm ag ef.<\/p>\n<p><\/div><h3 id=\"accordion-2-t7\" class=\"accordion-title\" role=\"tab\" aria-controls=\"accordion-2-c7\" aria-selected=\"false\" aria-expanded=\"false\" tabindex=\"0\" >Beth yw cyfraniadau ariannol y cwmni?<\/h3><div id=\"accordion-2-c7\" class=\"accordion-content\" role=\"tabpanel\" aria-labelledby=\"accordion-2-t7\" aria-hidden=\"true\"><\/p>\n<p>Mae\u2019r cyfraniadau arian y cwmni ar gyfer prosiectau KESS 2 wedi eu nodi ar y siart isod. Mae holl gyfraniadau arian parod yn <strong>amodol ar TAW<\/strong> (dylai partneriaid gael cyngor gan eu Hadran Gyllid).<\/p>\n<p style=\"text-align: center;\"><em>Cyfraniadau Arian y Cwmni ar gyfer KESS 2 <span style=\"color: #000000;\">(<a href=\"https:\/\/kess2.ac.uk\/wp-content\/uploads\/CCchart_web_Cym.png\">cliciwch yma i chwyddo&#8217;r siart<\/a>)<\/span><\/em><img loading=\"lazy\" decoding=\"async\" class=\"aligncenter wp-image-953 size-full\" src=\"https:\/\/kess2.ac.uk\/wp-content\/uploads\/CCchart_web_Cym.png\" alt=\"Cyfraniadau Cwmni\" width=\"1500\" height=\"619\" srcset=\"https:\/\/kess2.ac.uk\/wp-content\/uploads\/CCchart_web_Cym.png 1500w, https:\/\/kess2.ac.uk\/wp-content\/uploads\/CCchart_web_Cym-300x124.png 300w, https:\/\/kess2.ac.uk\/wp-content\/uploads\/CCchart_web_Cym-1024x423.png 1024w\" sizes=\"auto, (max-width: 1500px) 100vw, 1500px\" \/><\/p>\n<p><\/div><h3 id=\"accordion-2-t8\" class=\"accordion-title\" role=\"tab\" aria-controls=\"accordion-2-c8\" aria-selected=\"false\" aria-expanded=\"false\" tabindex=\"0\" >A oes yna fuddion eraill wrth gymryd rhan?<\/h3><div id=\"accordion-2-c8\" class=\"accordion-content\" role=\"tabpanel\" aria-labelledby=\"accordion-2-t8\" aria-hidden=\"true\"><\/p>\n<p>Mae adborth gan gyfranogwyr blaenorol yn dangos bod cwmn\u00efau yn wir yn gwerthfawrogi\u2019r cysylltiad \u00e2\u2019r prifysgolion ac mae hyn wedi arwain yn aml at gydweithrediadau eraill.<\/p>\n<p>I berchnogion a rheolwyr busnes, un o\u2019r buddion mwyaf yw gallu canolbwyntio sgiliau tuag at faes ymchwil sy\u2019n gysylltiedig \u00e2\u2019u busnes \u2013 rhywbeth nad yw\u2019n bosibl yn aml heb adnodd ychwanegol costus.<\/p>\n<p>Mae\u2019r cyhoeddusrwydd a\u2019r cysylltiadau o amgylch y prosiectau hyn wedi golygu yn aml bod busnesau wedi cael enillion ardderchog ar eu buddsoddiad llawer cyn i ganlyniadau\u2019r ymchwil gael eu cyhoeddi neu cyn iddyn nhw deimlo eu heffaith.<\/p>\n<p>Mae gan bob ysgoloriaeth KESS 2 raglen hyfforddi sgiliau lefel uwch integredig ymwreiddiedig ar gyfer y myfyriwr sy\u2019n cymryd rhan, sy\u2019n arwain at <a href=\"https:\/\/kess2.ac.uk\/cy\/psda-postgraduate-skills-development-award\/\">Ddyfarniad Datblygu Sgiliau \u00d4l-raddedig<\/a>, ac mae\u2019n ymdrin ag unrhyw wybodaeth neu fylchau mewn sgiliau a nodwyd.<\/p>\n<p><\/div><\/div>\n<p>&nbsp;<\/p>\n<p><strong>Os oes gennych chi syniad am brosiect neu os hoffech chi gael rhagor o wybodaeth yngl\u0177n \u00e2 rhaglen ysgoloriaeth KESS 2, <a href=\"https:\/\/kess2.ac.uk\/cy\/contacts\/\">cysylltwch \u00e2 ni.<\/a><\/strong><\/p>\n<p>&nbsp;<\/p>\n<h2><span style=\"color: #ed6b06;\">Golwg Byd Academaidd<\/span><\/h2>\n<hr \/>\n<img loading=\"lazy\" decoding=\"async\" class=\"alignleft size-medium wp-image-1806\" src=\"https:\/\/kess2.ac.uk\/wp-content\/uploads\/ProfRC-1-227x300.jpg\" alt=\"Yr Athro\/Prof Rose Cooper\" width=\"227\" height=\"300\" srcset=\"https:\/\/kess2.ac.uk\/wp-content\/uploads\/ProfRC-1-227x300.jpg 227w, https:\/\/kess2.ac.uk\/wp-content\/uploads\/ProfRC-1.jpg 636w\" sizes=\"auto, (max-width: 227px) 100vw, 227px\" \/>\n<p>\u201cFel academydd, mae\u2019n bwysig fod yn gallu gweithio gyda chwmn\u00efau.\u00a0 Ambell waith, mae\u2019r ymchwil yr ydym yn ei wneud, rydym ni\u2019n gobeithio, yn cael ei ddatblygu gan gwmn\u00efau eraill, ond ni allwn fyth fod yn si\u0175r.\u00a0 Pan ydym yn gweithio\u2019n uniongyrchol gyda chwmni, rydym yn gwybod bod ein cyfraniad ni am fod yn ddefnyddiol ac y bydden nhw\u2019n datblygu nwyddyn.\u00a0 Ac wrth gwrs, mae KESS yn darparu hynny\u201d.<\/p>\n<p><span style=\"color: #ed6b06;\"><strong>Yr Athro Rose Cooper<br \/>\n<\/strong><\/span><em>Prifysgol Metropolitan Caerdydd<\/em><\/p>\n<p>&nbsp;<\/p>\n<p>&nbsp;<\/p>\n<p>&nbsp;<\/p>\n<hr \/>\n<img loading=\"lazy\" decoding=\"async\" class=\"alignleft size-medium wp-image-1812\" src=\"https:\/\/kess2.ac.uk\/wp-content\/uploads\/ProfDJ-1-227x300.jpg\" alt=\"Yr Athro\/Prof Davey Jones\" width=\"227\" height=\"300\" srcset=\"https:\/\/kess2.ac.uk\/wp-content\/uploads\/ProfDJ-1-227x300.jpg 227w, https:\/\/kess2.ac.uk\/wp-content\/uploads\/ProfDJ-1.jpg 636w\" sizes=\"auto, (max-width: 227px) 100vw, 227px\" \/>\n<p>\u201cRydw i\u2019n meddwl yn bennaf ei fod yn rhoi cyfle inni wneud rhywbeth na fyddem ni fel arfer yn ei wneud.\u00a0 Fel arfer, rydym yn eithaf cul ein meddylfryd, hynny ydi, rydym ni\u2019n canolbwyntio ar fanylion terfynol y bywyd academaidd a\u2019r ymchwil.\u00a0 Ac ambell waith, rydym ni\u2019n anghofio beth sydd yno yn y byd go iawn, a sut y byddai o fudd, ac rydw i\u2019n meddwl ei fod wedi rhoi\u2019r cyfle inni gydweithredu \u00e2 diwydiant, rhywbeth nad ydym ni fel arfer yn ei wneud.\u201d<\/p>\n<p><span style=\"color: #ed6b06;\"><strong>Yr Athro Davey Jones<\/strong><\/span><br \/>\n<em>Prifysgol Bangor<\/em><\/p>\n<p>&nbsp;<\/p>\n<p>&nbsp;<\/p>\n<hr \/>\n<img loading=\"lazy\" decoding=\"async\" class=\"alignleft size-medium wp-image-1808\" src=\"https:\/\/kess2.ac.uk\/wp-content\/uploads\/DrLK-1-227x300.jpg\" alt=\"Dr Liam Kilduff\" width=\"227\" height=\"300\" srcset=\"https:\/\/kess2.ac.uk\/wp-content\/uploads\/DrLK-1-227x300.jpg 227w, https:\/\/kess2.ac.uk\/wp-content\/uploads\/DrLK-1.jpg 636w\" sizes=\"auto, (max-width: 227px) 100vw, 227px\" \/>\n<p>\u201cEto, mae yngl\u0177n \u00e2 sicrhau bod eich ymchwil yn cael effaith, ac felly mae\u2019n rhaid i\u2019ch cwestiynau chi fod wedi cael eu sbarduno gan ddiwydiant, ac oherwydd y mathau hyn o bartneriaethau a\u2019r ffordd y maen nhw\u2019n cael eu sefydlu, mae gennych chi gyfarfodydd parhaus gyda diwydiant, mae\u2019ch myfyriwr yn ymwreiddio yn y diwydiant. Felly, drwy\u2019r amser, rydych chi\u2019n sicrhau bod eich ymchwil yn cael effaith a\u2019i fod yn ateb cwestiynau allweddol i\u2019r bobl hyn.\u201d<\/p>\n<p><span style=\"color: #ed6b06;\"><strong>Dr Liam Kilduff<\/strong><\/span><br \/>\n<em>Prifysgol Abertawe<\/em><\/p>\n<p>&nbsp;<\/p>\n<p>&nbsp;<\/p>\n<hr \/>\n<img loading=\"lazy\" decoding=\"async\" class=\"alignleft size-medium wp-image-1810\" src=\"https:\/\/kess2.ac.uk\/wp-content\/uploads\/DrVB-1-227x300.jpg\" alt=\"Dr Vincent Barrioz\" width=\"227\" height=\"300\" srcset=\"https:\/\/kess2.ac.uk\/wp-content\/uploads\/DrVB-1-227x300.jpg 227w, https:\/\/kess2.ac.uk\/wp-content\/uploads\/DrVB-1.jpg 636w\" sizes=\"auto, (max-width: 227px) 100vw, 227px\" \/>\n<p>\u201cMae bod ynghlwm \u00e2 phrosiect KESS wedi ein galluogi i weithio\u2019n agosach gyda\u2019r cwmni yn ogystal \u00e2 gweithio gyda myfyriwr; myfyrwyr sydd wedi\u2019u hysgogi yn wirioneddol, gan roi\u2019r sgiliau angenrheidiol iddyn nhw i symud i waith, ac ar yr un pryd, rhoi\u2019r cyfle inni roi iddyn nhw rhywfaint o\u2019r wybodaeth a\u2019r cymorth arbenigol sydd eu hangen ar gyfer symud yr ymchwil ymlaen.\u201d<\/p>\n<p><span style=\"color: #ed6b06;\"><strong>Dr Vincent Barrioz<\/strong><\/span><br \/>\n<em>Prifysgol Glyndwr<\/em><\/p>\n<p>&nbsp;<\/p>\n<p>&nbsp;<\/p>\n<p>&nbsp;<\/p>\n<hr \/>\n<img loading=\"lazy\" decoding=\"async\" class=\"alignleft size-medium wp-image-1807\" src=\"https:\/\/kess2.ac.uk\/wp-content\/uploads\/DrAJ-1-227x300.jpg\" alt=\"Dr Arwel Jones\" width=\"227\" height=\"300\" srcset=\"https:\/\/kess2.ac.uk\/wp-content\/uploads\/DrAJ-1-227x300.jpg 227w, https:\/\/kess2.ac.uk\/wp-content\/uploads\/DrAJ-1.jpg 636w\" sizes=\"auto, (max-width: 227px) 100vw, 227px\" \/>\n<p>\u201cRydw i\u2019n meddwl bod cyfle inni yn ogystal fel arolygwyr baratoi a hyfforddi myfyrwyr eraill ar gyfer gyrfa mewn ymchwil neu efallai busnes masnachol os mai dyma y maen nhw eisiau\u2019i wneud.\u201d<\/p>\n<p><span style=\"color: #ed6b06;\"><strong>Dr Arwel Jones<\/strong><\/span><br \/>\n<em>Prifysgol Aberystwyth<\/em><\/p>\n<p>&nbsp;<\/p>\n<p>&nbsp;<\/p>\n<p>&nbsp;<\/p>\n<p>&nbsp;<\/p>\n<hr \/>\n<img loading=\"lazy\" decoding=\"async\" class=\"alignleft size-medium wp-image-1809\" src=\"https:\/\/kess2.ac.uk\/wp-content\/uploads\/DrMS-1-227x300.jpg\" alt=\"Dr Mathew Smalley\" width=\"227\" height=\"300\" srcset=\"https:\/\/kess2.ac.uk\/wp-content\/uploads\/DrMS-1-227x300.jpg 227w, https:\/\/kess2.ac.uk\/wp-content\/uploads\/DrMS-1.jpg 636w\" sizes=\"auto, (max-width: 227px) 100vw, 227px\" \/>\n<p>\u201cAc mewn gwirionedd, roedd yn fy ngalluogi i wella cydweithrediadau yr oeddwn i\u2019n eu cael gyda\u2019r cwmni fferyllol gyda phrosiect KESS, ac felly mae wedi bod yn ffactor wych.\u00a0 I\u2019m myfyriwr, bu\u2019n ffantastig oherwydd mae gweithio mewn BBaCh wedi rhoi sgiliau academaidd gwych iddo ef.\u201d<\/p>\n<p><span style=\"color: #ed6b06;\"><strong>Dr Matthew Smalley<\/strong><\/span><br \/>\n<em>Prifysgol Caerdydd<\/em><\/p>\n<p>&nbsp;<\/p>\n<p>&nbsp;<\/p>\n<p>&nbsp;<\/p>\n<hr \/>\n<img loading=\"lazy\" decoding=\"async\" class=\"alignleft size-medium wp-image-1811\" src=\"https:\/\/kess2.ac.uk\/wp-content\/uploads\/DrZX-1-227x300.jpg\" alt=\"Dr Zhidao Xia\" width=\"227\" height=\"300\" srcset=\"https:\/\/kess2.ac.uk\/wp-content\/uploads\/DrZX-1-227x300.jpg 227w, https:\/\/kess2.ac.uk\/wp-content\/uploads\/DrZX-1.jpg 636w\" sizes=\"auto, (max-width: 227px) 100vw, 227px\" \/>\n<p>\u201cYn y Brifysgol, rydym ni fel arfer yn gwneud ychydig o ymchwil sylfaenol.\u00a0 Nid yw rhai cemegwyr yn glinigol berthnasol.\u00a0 Fodd bynnag, wrth weithio gyda BBaChau, gyda diwydiannau bychain, daethon nhw \u00e2 phrosiectau ymchwil diddorol, gyda gwerth masnachol a gellir eu defnyddio yn ogystal yn y dyfodol.\u00a0 Felly, mae gweithio gyda BBaChau yn bwysig.\u201d<\/p>\n<p><span style=\"color: #ed6b06;\"><strong>Dr Zhidao Xia<\/strong><\/span><br \/>\n<em>Prifysgol Abertawe<\/em><\/p>","protected":false},"excerpt":{"rendered":"<p>KESS 2 i Academyddion Beth yw KESS 2? Mae Ysgoloriaethau Sgiliau Economi Gwybodaeth (KESS 2) yn weithrediad pwysig drwy Gymru sy\u2019n cael ei gefnogi gan Gronfeydd Cymdeithasol Ewrop (ESF) drwy Lywodraeth Cymru. Mae pob prifysgol yng Nghymru yn cymryd rhan ac mae\u2019n cael ei arwain gan Brifysgol Bangor. Mae KESS 2 yn cysylltu cwmn\u00efau \u00e2&#8230;  <a class=\"excerpt-read-more\" href=\"https:\/\/kess2.ac.uk\/cy\/academics\/\" title=\"DarllenAcademyddion\">Darllen mwy &raquo;<\/a><\/p>\n","protected":false},"author":1,"featured_media":0,"parent":0,"menu_order":0,"comment_status":"closed","ping_status":"closed","template":"page-featacademic.php","meta":{"footnotes":""},"class_list":["post-12","page","type-page","status-publish","hentry"],"_links":{"self":[{"href":"https:\/\/kess2.ac.uk\/cy\/wp-json\/wp\/v2\/pages\/12","targetHints":{"allow":["GET"]}}],"collection":[{"href":"https:\/\/kess2.ac.uk\/cy\/wp-json\/wp\/v2\/pages"}],"about":[{"href":"https:\/\/kess2.ac.uk\/cy\/wp-json\/wp\/v2\/types\/page"}],"author":[{"embeddable":true,"href":"https:\/\/kess2.ac.uk\/cy\/wp-json\/wp\/v2\/users\/1"}],"replies":[{"embeddable":true,"href":"https:\/\/kess2.ac.uk\/cy\/wp-json\/wp\/v2\/comments?post=12"}],"version-history":[{"count":92,"href":"https:\/\/kess2.ac.uk\/cy\/wp-json\/wp\/v2\/pages\/12\/revisions"}],"predecessor-version":[{"id":7228,"href":"https:\/\/kess2.ac.uk\/cy\/wp-json\/wp\/v2\/pages\/12\/revisions\/7228"}],"wp:attachment":[{"href":"https:\/\/kess2.ac.uk\/cy\/wp-json\/wp\/v2\/media?parent=12"}],"curies":[{"name":"wp","href":"https:\/\/api.w.org\/{rel}","templated":true}]}}