{"id":4954,"date":"2018-10-05T11:22:16","date_gmt":"2018-10-05T10:22:16","guid":{"rendered":"https:\/\/kess2.ac.uk\/?page_id=4954"},"modified":"2023-06-05T14:18:34","modified_gmt":"2023-06-05T13:18:34","slug":"east","status":"publish","type":"page","link":"https:\/\/kess2.ac.uk\/cy\/east\/","title":{"rendered":"Gwybodaeth KESS 2 Dwyrain"},"content":{"rendered":"<p><img loading=\"lazy\" decoding=\"async\" class=\"aligncenter size-full wp-image-7602\" src=\"https:\/\/kess2.ac.uk\/wp-content\/uploads\/2020\/07\/EastBanner.jpg\" alt=\"\" width=\"1165\" height=\"209\" srcset=\"https:\/\/kess2.ac.uk\/wp-content\/uploads\/2020\/07\/EastBanner.jpg 1165w, https:\/\/kess2.ac.uk\/wp-content\/uploads\/2020\/07\/EastBanner-300x54.jpg 300w, https:\/\/kess2.ac.uk\/wp-content\/uploads\/2020\/07\/EastBanner-1024x184.jpg 1024w\" sizes=\"auto, (max-width: 1165px) 100vw, 1165px\" \/><\/p>\n<p><strong>KESS 2 Dwyrain<\/strong> yw chwaer brosiect KESS 2, gweithgaredd sylweddol ar draws Cymru a gefnogir gan Gronfeydd Cymdeithasol Ewrop (ESF) drwy Llywodraeth Cymru. Mae KESS 2 yn cysylltu cwmn\u00efau a sefydliadau gydag arbenigedd academaidd yn y sector Addysg Uwch yng Nghymru i ymgymryd \u00e2 phrosiectau ymchwil ar y cyd. Gall ystod o gwmn\u00efau a sefydliadau gymryd rhan, gan gynnwys cwmn\u00efau Micro, Busnesau Bach a Chanolig, Cwmn\u00efau Mawr, y Trydydd Sector a Mentrau Cymdeithasol. Disgwylir bod gennych chi ganolfan yn <strong>ardal Dwyrain Cymru<\/strong> oherwydd bod cyfyngiadau cymhwyster yn berthnasol. Cysylltwch gyda ni am fanylion pellach.<\/p>\n<p><strong>Os oes gennych ddiddordeb mewn cymryd rhan gyda KESS 2 Dwyrain, nodwch eich diddordeb trwy gysylltu \u00e2:<\/strong><\/p>\n<p><strong>Penny Dowdney<\/strong><br \/>\nRheolwr KESS 2 Cymru<br \/>\n<a href=\"mailto:p.j.dowdney@bangor.ac.uk\">p.j.dowdney@bangor.ac.uk<\/a><br \/>\n01248 382266<\/p>\n<div id=\"accordion-2\" class=\"accordion no-js\" role=\"tablist\" aria-multiselectable=\"true\"><h3 id=\"accordion-2-t1\" class=\"accordion-title\" role=\"tab\" aria-controls=\"accordion-2-c1\" aria-selected=\"false\" aria-expanded=\"false\" tabindex=\"0\"  data-initialstate=\"closed\">Cyfraniadau Ariannol y Cwmni<\/h3><div id=\"accordion-2-c1\" class=\"accordion-content\" role=\"tabpanel\" aria-labelledby=\"accordion-2-t1\" aria-hidden=\"true\"><\/p>\n<h2>Cyfraniadau Ariannol y Cwmni : <strong>Ysgoloriaethau PhD<\/strong><\/h2>\n<img loading=\"lazy\" decoding=\"async\" class=\"alignleft wp-image-5018 size-full\" src=\"https:\/\/kess2.ac.uk\/wp-content\/uploads\/CY-KESS2East-CCC-PhD2.png\" alt=\"\" width=\"1171\" height=\"562\" srcset=\"https:\/\/kess2.ac.uk\/wp-content\/uploads\/CY-KESS2East-CCC-PhD2.png 1171w, https:\/\/kess2.ac.uk\/wp-content\/uploads\/CY-KESS2East-CCC-PhD2-300x144.png 300w, https:\/\/kess2.ac.uk\/wp-content\/uploads\/CY-KESS2East-CCC-PhD2-1024x491.png 1024w\" sizes=\"auto, (max-width: 1171px) 100vw, 1171px\" \/>\n<p><em>Mae pob Cyfraniad Ariannol yn destun TAW (dylai partneriaid geisio cyngor gan eu Hadran Cyllid)<\/em><\/p>\n<hr \/>\n<h2>Cyfraniadau Ariannol y Cwmni : <strong>Ysgoloriaethau Meistr Ymchwil<\/strong><\/h2>\n<p><img loading=\"lazy\" decoding=\"async\" class=\"alignleft wp-image-5019 size-full\" src=\"https:\/\/kess2.ac.uk\/wp-content\/uploads\/CY-KESS2East-CCC-MRes2.png\" alt=\"\" width=\"1167\" height=\"593\" srcset=\"https:\/\/kess2.ac.uk\/wp-content\/uploads\/CY-KESS2East-CCC-MRes2.png 1167w, https:\/\/kess2.ac.uk\/wp-content\/uploads\/CY-KESS2East-CCC-MRes2-300x152.png 300w, https:\/\/kess2.ac.uk\/wp-content\/uploads\/CY-KESS2East-CCC-MRes2-1024x520.png 1024w\" sizes=\"auto, (max-width: 1167px) 100vw, 1167px\" \/><em>Mae pob Cyfraniad Ariannol yn destun TAW (dylai partneriaid geisio cyngor gan eu Hadran Cyllid)<\/em><\/p>\n<p>Bydd canlyniadau Eiddo Deallusol (IPR) prosiect ac unrhyw Eiddo Deallusol yn codi o brosiect KESS 2 yn eiddo i\u2019r brifysgol berthnasol. Bydd Gwybodaeth Gefndir a ddefnyddir yng nghyswllt y prosiect KESS 2 yn parhau\u2019n eiddo i\u2019r parti sy\u2019n ei chyflwyno a bydd yn destun rhwymedigaethau o ran cyfrinachedd. Bydd y brifysgol berthnasol yn rhoi\u2019r opsiwn cyntaf i\u2019r cwmni partner am un ai drwydded gyfyngol neu anghyfyngol i ddefnyddio\u2019r Eiddo Deallusol neu ganlyniadau IPR eraill prosiect fel y negodir hwy rhwng y part\u00efon cysylltiedig.<\/p>\n<p><\/div><h3 id=\"accordion-2-t2\" class=\"accordion-title\" role=\"tab\" aria-controls=\"accordion-2-c2\" aria-selected=\"false\" aria-expanded=\"false\" tabindex=\"0\"  data-initialstate=\"closed\">Prif Amcanion<\/h3><div id=\"accordion-2-c2\" class=\"accordion-content\" role=\"tabpanel\" aria-labelledby=\"accordion-2-t2\" aria-hidden=\"true\"><\/p>\n<h3><strong>Prif amcanion KESS 2 Dwyrian yw:<\/strong><\/h3>\n<ul>\n<li>Gwella capasiti busnesau bach a chanolig o ran gwaith ymchwil drwy gysylltu \u00e2 phrosiect PhD \/ Meistr Ymchwil<\/li>\n<li>Annog busnesau bach a chanolig i wneud gwaith ymchwil a recriwtio ymchwilwyr<\/li>\n<li>Paratoi a hyfforddi unigolion i gyfrannu at waith ymchwil fel gweithwyr proffesiynol<\/li>\n<li>Cefnogi\u2019r gwaith o ddatblygu technolegau allweddol yn ardal Dwyrain Cymru<\/li>\n<li>Hyrwyddo\u2019r gwaith o ddatblygu sgiliau lefel uwch<\/li>\n<\/ul>\n<p><\/div><h3 id=\"accordion-2-t3\" class=\"accordion-title\" role=\"tab\" aria-controls=\"accordion-2-c3\" aria-selected=\"false\" aria-expanded=\"false\" tabindex=\"0\"  data-initialstate=\"closed\">Map Ardal Dwyrain Cymru<\/h3><div id=\"accordion-2-c3\" class=\"accordion-content\" role=\"tabpanel\" aria-labelledby=\"accordion-2-t3\" aria-hidden=\"true\"><\/p>\n<p>I fod yn gymwys ar gyfer KESS 2 Dwyrain, mae disgwyl eich bod gennych leoliad busnes o fewn <strong>Dwyrain Cymru<\/strong>, wedi ei ddangos ar y map mewn <span style=\"color: #b9006a;\"><strong>pinc<\/strong><\/span>. Yr ardaloedd hyn yw; Sir Fflint, Wrecsam, Powys, Sir Fynwy, Dyffryn Glamorgan, Casnewydd a Chaerdydd.<\/p>\n<img loading=\"lazy\" decoding=\"async\" class=\"aligncenter size-full wp-image-7169\" src=\"https:\/\/kess2.ac.uk\/wp-content\/uploads\/dotted-380-circles.png\" alt=\"\" width=\"1350\" height=\"1434\" srcset=\"https:\/\/kess2.ac.uk\/wp-content\/uploads\/dotted-380-circles.png 1350w, https:\/\/kess2.ac.uk\/wp-content\/uploads\/dotted-380-circles-282x300.png 282w, https:\/\/kess2.ac.uk\/wp-content\/uploads\/dotted-380-circles-964x1024.png 964w\" sizes=\"auto, (max-width: 1350px) 100vw, 1350px\" \/>\n<p><\/div><\/div>\n<h2><strong>Partneriaid Cwmni<\/strong><\/h2>\n<p><a href=\"https:\/\/kess2.ac.uk\/cy\/a-z-company-partners\/\"><img loading=\"lazy\" decoding=\"async\" class=\"alignleft wp-image-7678 size-medium\" src=\"https:\/\/kess2.ac.uk\/wp-content\/uploads\/2020\/08\/CPmap-full-259x300.png\" alt=\"company partner map\" width=\"259\" height=\"300\" srcset=\"https:\/\/kess2.ac.uk\/wp-content\/uploads\/2020\/08\/CPmap-full-259x300.png 259w, https:\/\/kess2.ac.uk\/wp-content\/uploads\/2020\/08\/CPmap-full.png 523w\" sizes=\"auto, (max-width: 259px) 100vw, 259px\" \/><\/a>Mae KESS 2 a KESS 2 Dwyrain yn falch o alluogi a chefnogi safonau rhagorol o Ymchwil a Datblygu ar gyfer nifer helaeth o fusnesau ledled Cymru. Hoffech wybod faint o gwmn\u00efau rydyn ni&#8217;n gweithio gyda? Edrychwch ar y map rhyngweithiol hwn o&#8217;n holl bartneriaid cwmni, a restrir A-Z :<\/p>\n<h2><a href=\"https:\/\/kess2.ac.uk\/cy\/a-z-company-partners\/\"><u>Gweld y Map<\/u><\/a><\/h2>\n<p><\/p>","protected":false},"excerpt":{"rendered":"<p>KESS 2 Dwyrain yw chwaer brosiect KESS 2, gweithgaredd sylweddol ar draws Cymru a gefnogir gan Gronfeydd Cymdeithasol Ewrop (ESF) drwy Llywodraeth Cymru. Mae KESS 2 yn cysylltu cwmn\u00efau a sefydliadau gydag arbenigedd academaidd yn y sector Addysg Uwch yng Nghymru i ymgymryd \u00e2 phrosiectau ymchwil ar y cyd. Gall ystod o gwmn\u00efau a sefydliadau&#8230;  <a class=\"excerpt-read-more\" href=\"https:\/\/kess2.ac.uk\/cy\/east\/\" title=\"DarllenGwybodaeth KESS 2 Dwyrain\">Darllen mwy &raquo;<\/a><\/p>\n","protected":false},"author":3,"featured_media":0,"parent":0,"menu_order":0,"comment_status":"closed","ping_status":"closed","template":"page-fullwidth.php","meta":{"footnotes":""},"class_list":["post-4954","page","type-page","status-publish","hentry"],"_links":{"self":[{"href":"https:\/\/kess2.ac.uk\/cy\/wp-json\/wp\/v2\/pages\/4954","targetHints":{"allow":["GET"]}}],"collection":[{"href":"https:\/\/kess2.ac.uk\/cy\/wp-json\/wp\/v2\/pages"}],"about":[{"href":"https:\/\/kess2.ac.uk\/cy\/wp-json\/wp\/v2\/types\/page"}],"author":[{"embeddable":true,"href":"https:\/\/kess2.ac.uk\/cy\/wp-json\/wp\/v2\/users\/3"}],"replies":[{"embeddable":true,"href":"https:\/\/kess2.ac.uk\/cy\/wp-json\/wp\/v2\/comments?post=4954"}],"version-history":[{"count":35,"href":"https:\/\/kess2.ac.uk\/cy\/wp-json\/wp\/v2\/pages\/4954\/revisions"}],"predecessor-version":[{"id":9850,"href":"https:\/\/kess2.ac.uk\/cy\/wp-json\/wp\/v2\/pages\/4954\/revisions\/9850"}],"wp:attachment":[{"href":"https:\/\/kess2.ac.uk\/cy\/wp-json\/wp\/v2\/media?parent=4954"}],"curies":[{"name":"wp","href":"https:\/\/api.w.org\/{rel}","templated":true}]}}